{"id":139,"date":"2015-12-07T16:53:03","date_gmt":"2015-12-07T15:53:03","guid":{"rendered":"http:\/\/paletteduvaldemarne.fr\/?page_id=139"},"modified":"2026-05-05T18:56:25","modified_gmt":"2026-05-05T17:56:25","slug":"procedure-de-depot","status":"publish","type":"page","link":"http:\/\/paletteduvaldemarne.fr\/index.php\/procedure-de-depot\/","title":{"rendered":"Proc\u00e9dure de d\u00e9p\u00f4t"},"content":{"rendered":"<h4 style=\"text-align: center;\"><strong><span style=\"text-decoration: underline;\">D\u00e9posez votre candidature<span style=\"color: #ff0000; text-decoration: underline;\">\u00a0au plus tard\u00a0<\/span><span style=\"color: #ff0000; text-decoration: underline;\">le 30 juin 2026<br \/>\n<\/span><\/span><\/strong><\/h4>\n<h4 style=\"text-align: center;\"><span style=\"color: #ff0000;\">ATTENTION! <\/span><\/h4>\n<h5 style=\"text-align: center;\">Afin de nous permettre d&#8217;organiser au mieux cette exposition, veillez \u00e0 respecter la\u00a0proc\u00e9dure ci-dessous.<\/h5>\n<h4 style=\"text-align: center;\"><span style=\"color: #ff0000;\">Tout dossier sans paiement de l&#8217;adh\u00e9sion annuelle \u00e0 l&#8217;association\u00a0 ou non conforme ne sera pas valide.<\/span><\/h4>\n<hr \/>\n<ol>\n<li><span style=\"text-decoration: underline;\"><span style=\"text-decoration: underline;\"><a href=\"http:\/\/paletteduvaldemarne.fr\/index.php\/formulaire\/\">Remplissez le formulaire de candidature<\/a><\/span><span style=\"color: #333333; text-decoration: underline;\"><a href=\"http:\/\/paletteduvaldemarne.fr\/index.php\/formulaire\/\">\u00a0<\/a><\/span><span style=\"color: #ff0000; text-decoration: underline;\"><a style=\"color: #ff0000; text-decoration: underline;\" href=\"http:\/\/paletteduvaldemarne.fr\/index.php\/formulaire\/\">en cliquant ICI<\/a><\/span><\/span><\/li>\n<li><span style=\"color: #333333;\">Vous allez\u00a0recevoir en retour un mail reprenant\u00a0l&#8217;ensemble des informations saisies sur le formulaire. En cas de non r\u00e9ception sous 48 h, veuillez nous en informer\u00a0par mail \u00e0 paletteduvaldemarne@free.fr. Nous vous en adresserons une copie dans les meilleurs d\u00e9lais.<\/span><\/li>\n<li><span style=\"color: #000000;\">Envoyez votre biographie au format Word ou PDF\u00a0\u00e0\u00a0paletteduvaldemarne@free.fr<\/span><\/li>\n<\/ol>\n<p>envoyez \u00e0 <span style=\"color: #333333;\">La Palette du Val de Marne<\/span><span style=\"color: #333333;\">\u00a0:\u00a0<\/span><\/p>\n<ul>\n<li><span style=\"color: #333333;\">votre\u00a0 virement d&#8217;adh\u00e9sion de 25 euros\u00a0 pour l&#8217;ann\u00e9e civile en cours, iban : FR76 3000 4009 3200 0003 2502 123<\/span><\/li>\n<li><span style=\"color: #333333;\">ou un ch\u00e8que \u00e0 <\/span><span style=\"color: #333333;\">l&#8217;ordre de La Palette du Val de Marne au 7 rue Corluis,\u00a094170 Le Perreux sur Marne<\/span><\/li>\n<\/ul>\n<hr \/>\n<h6><span style=\"color: #333333;\">Pour plus d&#8217;information ou en cas de probl\u00e8me, nous vous recommandons de prendre contact avec Pauline Boutelier au 06 62 61 26 32<\/span><\/h6>\n","protected":false},"excerpt":{"rendered":"<p>D\u00e9posez votre candidature\u00a0au plus tard\u00a0le 30 juin 2026 ATTENTION! Afin de nous permettre d&#8217;organiser au mieux cette exposition, veillez \u00e0 respecter la\u00a0proc\u00e9dure ci-dessous. Tout dossier sans paiement de l&#8217;adh\u00e9sion annuelle \u00e0 l&#8217;association\u00a0 ou non conforme ne sera pas valide. Remplissez le formulaire de candidature\u00a0en cliquant ICI Vous allez\u00a0recevoir en retour un mail reprenant\u00a0l&#8217;ensemble des informations [&hellip;]<\/p>\n","protected":false},"author":1,"featured_media":0,"parent":0,"menu_order":0,"comment_status":"closed","ping_status":"closed","template":"","meta":{"footnotes":""},"class_list":["post-139","page","type-page","status-publish","hentry"],"_links":{"self":[{"href":"http:\/\/paletteduvaldemarne.fr\/index.php\/wp-json\/wp\/v2\/pages\/139","targetHints":{"allow":["GET"]}}],"collection":[{"href":"http:\/\/paletteduvaldemarne.fr\/index.php\/wp-json\/wp\/v2\/pages"}],"about":[{"href":"http:\/\/paletteduvaldemarne.fr\/index.php\/wp-json\/wp\/v2\/types\/page"}],"author":[{"embeddable":true,"href":"http:\/\/paletteduvaldemarne.fr\/index.php\/wp-json\/wp\/v2\/users\/1"}],"replies":[{"embeddable":true,"href":"http:\/\/paletteduvaldemarne.fr\/index.php\/wp-json\/wp\/v2\/comments?post=139"}],"version-history":[{"count":66,"href":"http:\/\/paletteduvaldemarne.fr\/index.php\/wp-json\/wp\/v2\/pages\/139\/revisions"}],"predecessor-version":[{"id":4144,"href":"http:\/\/paletteduvaldemarne.fr\/index.php\/wp-json\/wp\/v2\/pages\/139\/revisions\/4144"}],"wp:attachment":[{"href":"http:\/\/paletteduvaldemarne.fr\/index.php\/wp-json\/wp\/v2\/media?parent=139"}],"curies":[{"name":"wp","href":"https:\/\/api.w.org\/{rel}","templated":true}]}}