{"id":356,"date":"2016-01-08T10:45:27","date_gmt":"2016-01-08T09:45:27","guid":{"rendered":"http:\/\/paletteduvaldemarne.fr\/?page_id=356"},"modified":"2025-09-21T14:23:11","modified_gmt":"2025-09-21T13:23:11","slug":"conditions-et-reglement","status":"publish","type":"page","link":"http:\/\/paletteduvaldemarne.fr\/index.php\/conditions-et-reglement\/","title":{"rendered":"Conditions et R\u00e8glement"},"content":{"rendered":"<p>La participation \u00e0 nos expositions requiert le versement pr\u00e9alable d&rsquo;une <strong>adh\u00e9sion annuelle<\/strong>\u00a0\u00e0 notre association.<\/p>\n<p>Le remboursement de la cotisation pour l\u2019ann\u00e9e ne pourra \u00eatre r\u00e9clam\u00e9e\u00a0en cas de non s\u00e9lection. Celle-ci vous permet,\u00a0entre autres, de participer\u00a0au vernissage des expositions de l\u2019ann\u00e9e.<\/p>\n<p><span style=\"font-weight: 400;\">Les \u0153uvres propos\u00e9es sont soumises \u00e0 un jury d\u2019acceptation dont le jugement sera sans appel.<\/span><\/p>\n<p><span style=\"font-weight: 400;\">Le prix des \u0153uvres, fix\u00e9 par l\u2019artiste, est ferme et d\u00e9finitif et ne peut \u00eatre modifi\u00e9 apr\u00e8s la date limite de d\u00e9p\u00f4t des dossiers<\/span><span style=\"font-weight: 400;\">. Aucune exception ni d\u00e9rogation ne pourra \u00eatre envisag\u00e9e.<\/span><\/p>\n<p><span style=\"color: #000000;\">Toutes les \u0153uvres expos\u00e9es peuvent \u00eatre acquises par les visiteurs.<br \/>\n<\/span><\/p>\n<p><span style=\"color: #000000;\">En cas de vente, la transaction se fera entre l&rsquo;artiste et l&rsquo;acqu\u00e9reur, notre association n&rsquo;\u00e9tant qu&rsquo;un interm\u00e9diaire. L&rsquo;artiste s&rsquo;engage \u00e0 faire un don de 10 % du prix\u00a0de l&rsquo;oeuvre au profit de l\u2019association.<\/span><\/p>\n<p><span style=\"color: #000000;\">Nous vous rappelons que toute vente doit \u00eatre d\u00e9clar\u00e9e. Le vendeur s\u2019engage \u00e0 respecter la l\u00e9gislation. S\u2019il s\u2019agit d\u2019une\u00a0premi\u00e8re vente le vendeur ne peut \u00eatre inscrit \u00e0 la Maison des Artistes. La facture de cette vente lui permettra\u00a0de faire ensuite les d\u00e9marches n\u00e9cessaires.<\/span><\/p>\n<p><span style=\"color: #000000;\">\u00a0<\/span><\/p>\n<p><span style=\"font-weight: 400;\">Les limites de place peuvent nous contraindre \u00e0 n\u2019exposer qu\u2019une \u0153uvre par artiste.<br \/>\n<\/span><\/p>\n<p><span style=\"font-weight: 400;\">Toutes les \u0153uvres pr\u00e9sent\u00e9es sont <\/span><b>\u00e0 vendre<\/b><span style=\"font-weight: 400;\">. Aucune copie ne sera accept\u00e9e ainsi que les \u0153uvres d\u00e9j\u00e0 expos\u00e9es aux salons pr\u00e9c\u00e9dents sauf s&rsquo;ils sont dans le th\u00e8me propos\u00e9. <\/span><\/p>\n<p><span style=\"font-weight: 400;\">Aucune \u0153uvre ne pourra \u00eatre retir\u00e9e avant la fin de l\u2019exposition. Les \u0153uvres vendues seront marqu\u00e9es d\u2019un point rouge et termineront l\u2019exposition.<\/span><\/p>\n<p><span style=\"font-weight: 400;\">L\u2019association se r\u00e9serve le droit de photographier les \u0153uvres et les artistes pendant les p\u00e9riodes d\u2019exposition et de les ins\u00e9rer sur le site internet de la Palette du Val de Marne.\u00a0Le catalogue de l&rsquo;exposition sera \u00e9galement consultable en ligne apr\u00e8s chaque exposition et\u00a0\u00a0restera le propri\u00e9t\u00e9 de\u00a0la Palette du Val de Marne.\u00a0<\/span><\/p>\n<p><span style=\"font-weight: 400;\">Nous vous rappelons que la Palette du Val de Marne d\u00e9cline toute responsabilit\u00e9 en cas de perte, vol, d\u00e9t\u00e9rioration ou incendie des \u0153uvres re\u00e7ues pour \u00eatre expos\u00e9es. Les exposants peuvent contracter une assurance personnelle.<\/span><\/p>\n<p><span style=\"font-weight: 400;\">Plusieurs prix seront d\u00e9cern\u00e9s le soir du vernissage. Les \u00e9ventuelles r\u00e9compenses seront remis en main propre exclusivement le soir du vernissage.<\/span><\/p>\n<hr \/>\n<h6>Montant de l&rsquo;adh\u00e9sion :<\/h6>\n<p>L&rsquo;adh\u00e9sion pour l&rsquo;ann\u00e9e 2026, valable du 1er janvier au 31 d\u00e9cembre, est fix\u00e9e \u00e0 <strong>25 euros.<\/strong><\/p>\n<p>Paiement de pr\u00e9f\u00e9rence par virement<\/p>\n<p>FR76 3000 4009 3200 0003 2502 123<\/p>\n<h6>Droits d\u2019accrochage\u00a0des \u0153uvres :<\/h6>\n<p>Si votre format n\u2019est pas dans la liste, calculer votre droit d\u2019accrochage en fonction de la surface.<\/p>\n<p>Les formats sont indiqu\u00e9s en cm.<\/p>\n<p><span style=\"color: #993300;\">Format \u00a0 \u00a0 \u00a0Portrait \u00a0 \u00a0 Paysage \u00a0 \u00a0 \u00a0Marine \u00a0 \u00a0 \u00a0 \u00a0 \u00a0 \u00a0 \u00a0 \u00a0 Surface \u00a0 \u00a0 \u00a0 \u00a0 \u00a0 \u00a0 \u00a0 \u00a0 \u00a0 \u00a0 \u00a0 Prix<\/span><\/p>\n<p>1 \u00a0 \u00a0 \u00a0 \u00a0 \u00a0 \u00a0 \u00a0 \u00a0 22 X 16 \u00a0 \u00a0 \u00a022 X 14 \u00a0 \u00a0 \u00a022 X 12 \u00a0 \u00a0 \u00a0 \u00a0\u00a0\u00a0 de 0 \u00e0 3510 cm2\u00a0 \u00a0 \u00a0 \u00a0 \u00a0 \u00a0 \u00a0 6 euros<\/p>\n<p>2 \u00a0 \u00a0 \u00a0 \u00a0 \u00a0 \u00a0 \u00a0 \u00a0 24 X 19 \u00a0 \u00a0 \u00a024 X 16 \u00a0 \u00a0 \u00a024 X 14<\/p>\n<p>3 \u00a0 \u00a0 \u00a0 \u00a0 \u00a0 \u00a0 \u00a0 \u00a0 27 X 22 \u00a0 \u00a0 \u00a027 X 19 \u00a0 \u00a0 \u00a027 X 16<\/p>\n<p>4 \u00a0 \u00a0 \u00a0 \u00a0 \u00a0 \u00a0 \u00a0 \u00a0 33 X 24 \u00a0 \u00a0 \u00a033 X 22 \u00a0 \u00a0 \u00a033 X 19<\/p>\n<p>5 \u00a0 \u00a0 \u00a0 \u00a0 \u00a0 \u00a0 \u00a0 \u00a0 35 X 27 \u00a0 \u00a0 \u00a035 X 24 \u00a0 \u00a0 \u00a035 X 22<\/p>\n<p>6 \u00a0 \u00a0 \u00a0 \u00a0 \u00a0 \u00a0 \u00a0 \u00a0 41 X 33 \u00a0 \u00a0 \u00a041 X 27 \u00a0 \u00a0 \u00a041 X 24<\/p>\n<p>8 \u00a0 \u00a0 \u00a0 \u00a0 \u00a0 \u00a0 \u00a0 \u00a0 46 X 38 \u00a0 \u00a0 \u00a046 X 33 \u00a0 \u00a0 \u00a046 X 27<\/p>\n<p>10 \u00a0 \u00a0 \u00a0 \u00a0 \u00a0 \u00a0 \u00a0 55 X 46 \u00a0 \u00a0 \u00a055 X 38 \u00a0 \u00a0 \u00a0 55 X 33<\/p>\n<p>12 \u00a0 \u00a0 \u00a0 \u00a0 \u00a0 \u00a0 \u00a0 61 X 50 \u00a0 \u00a0 \u00a061 X 46 \u00a0 \u00a0 \u00a0 61 X 38<\/p>\n<p>15 \u00a0 \u00a0 \u00a0 \u00a0 \u00a0 \u00a0 \u00a0 65 X 54 \u00a0 \u00a0 \u00a065 X 50 \u00a0 \u00a0 \u00a0 65 X 46<\/p>\n<hr \/>\n<p><span style=\"color: #993300;\">20 \u00a0 \u00a0 \u00a0 \u00a0 \u00a0 \u00a0 \u00a0 73 X 60 \u00a0 \u00a0 73 X 54 \u00a0 \u00a0 \u00a0 \u00a0 73 X 50 \u00a0 \u00a0 \u00a0 \u00a0de 3511 \u00e0 6716 cm2\u00a0 \u00a0 \u00a0 \u00a0 \u00a010 euros<\/span><\/p>\n<p><span style=\"color: #993300;\">25 \u00a0 \u00a0 \u00a0 \u00a0 \u00a0 \u00a0 \u00a0 81 X 65 \u00a0 \u00a0 81 X 60 \u00a0 \u00a0 \u00a0 \u00a0 81 X 54<\/span><\/p>\n<p><span style=\"color: #993300;\">30 \u00a0 \u00a0 \u00a0 \u00a0 \u00a0 \u00a0 \u00a0 92 X 73 \u00a0 \u00a0 92 X 65 \u00a0 \u00a0 \u00a0 \u00a0 92 X 60<\/span><\/p>\n<hr \/>\n<p>40 \u00a0 \u00a0 \u00a0 \u00a0 \u00a0 \u00a0 100 X 81 \u00a0 \u00a0 100 X 73 \u00a0 \u00a0 \u00a0 100 X 65 \u00a0 \u00a0\u00a0\u00a0de 6717 \u00e0 12610 cm2\u00a0 \u00a0 \u00a0 \u00a014 euros<\/p>\n<p>50 \u00a0 \u00a0 \u00a0 \u00a0 \u00a0 \u00a0 116 X 89 \u00a0 \u00a0 116 X 81 \u00a0 \u00a0 \u00a0 \u00a0116 X 73<\/p>\n<p>60 \u00a0 \u00a0 \u00a0 \u00a0 \u00a0 \u00a0 130 X 97 \u00a0 \u00a0 130 X 89 \u00a0 \u00a0 \u00a0 130 X 81<\/p>\n<hr \/>\n<p><span style=\"color: #993300;\">80 \u00a0 \u00a0 \u00a0 \u00a0 \u00a0 \u00a0 146 X 114 \u00a0 \u00a0146 X 97 \u00a0 \u00a0 \u00a0146 X 89\u00a0\u00a0\u00a0\u00a0\u00a0\u00a0 &gt; \u00e0 12611 cm2\u00a0\u00a0\u00a0\u00a0\u00a0\u00a0\u00a0\u00a0\u00a0\u00a0\u00a0 \u00a0 \u00a0\u00a0\u00a0 20 euros<\/span><\/p>\n<p><span style=\"color: #993300;\">100 \u00a0 \u00a0 \u00a0 \u00a0 \u00a0 162 X 130 \u00a0 162 X 114 \u00a0 \u00a0 162 X 97 sans objet<\/span><\/p>\n<p><span style=\"color: #993300;\">120 \u00a0 \u00a0 \u00a0 \u00a0 \u00a0 195 X 130 \u00a0 195 X 114 \u00a0 \u00a0 195 X 97 sans objet<\/span><\/p>\n<pre>SCULPTURES \n\nJusqu\u2019\u00e0 30 cm : 6 euros\nDe 30 \u00e0 80 cm : 10 euros\nAu dessus de 80 cm : 14 euros<\/pre>\n","protected":false},"excerpt":{"rendered":"<p>La participation \u00e0 nos expositions requiert le versement pr\u00e9alable d&rsquo;une adh\u00e9sion annuelle\u00a0\u00e0 notre association. Le remboursement de la cotisation pour l\u2019ann\u00e9e ne pourra \u00eatre r\u00e9clam\u00e9e\u00a0en cas de non s\u00e9lection. Celle-ci vous permet,\u00a0entre autres, de participer\u00a0au vernissage des expositions de l\u2019ann\u00e9e. Les \u0153uvres propos\u00e9es sont soumises \u00e0 un jury d\u2019acceptation dont le jugement sera sans appel. [&hellip;]<\/p>\n","protected":false},"author":1,"featured_media":0,"parent":0,"menu_order":0,"comment_status":"closed","ping_status":"closed","template":"","meta":{"footnotes":""},"class_list":["post-356","page","type-page","status-publish","hentry"],"_links":{"self":[{"href":"http:\/\/paletteduvaldemarne.fr\/index.php\/wp-json\/wp\/v2\/pages\/356","targetHints":{"allow":["GET"]}}],"collection":[{"href":"http:\/\/paletteduvaldemarne.fr\/index.php\/wp-json\/wp\/v2\/pages"}],"about":[{"href":"http:\/\/paletteduvaldemarne.fr\/index.php\/wp-json\/wp\/v2\/types\/page"}],"author":[{"embeddable":true,"href":"http:\/\/paletteduvaldemarne.fr\/index.php\/wp-json\/wp\/v2\/users\/1"}],"replies":[{"embeddable":true,"href":"http:\/\/paletteduvaldemarne.fr\/index.php\/wp-json\/wp\/v2\/comments?post=356"}],"version-history":[{"count":41,"href":"http:\/\/paletteduvaldemarne.fr\/index.php\/wp-json\/wp\/v2\/pages\/356\/revisions"}],"predecessor-version":[{"id":3620,"href":"http:\/\/paletteduvaldemarne.fr\/index.php\/wp-json\/wp\/v2\/pages\/356\/revisions\/3620"}],"wp:attachment":[{"href":"http:\/\/paletteduvaldemarne.fr\/index.php\/wp-json\/wp\/v2\/media?parent=356"}],"curies":[{"name":"wp","href":"https:\/\/api.w.org\/{rel}","templated":true}]}}