{"id":986,"date":"2017-01-05T19:07:19","date_gmt":"2017-01-05T18:07:19","guid":{"rendered":"http:\/\/paletteduvaldemarne.fr\/?page_id=986"},"modified":"2017-01-05T19:16:10","modified_gmt":"2017-01-05T18:16:10","slug":"vernissage-nov-2016","status":"publish","type":"page","link":"http:\/\/paletteduvaldemarne.fr\/index.php\/vernissage-nov-2016\/","title":{"rendered":"Vernissage nov 2016"},"content":{"rendered":"<pre><strong>De nombreuses personnes exposants et visiteurs \u00e9taient pr\u00e9sentes lors du vernissage\u00a0<\/strong><strong>le 23 novembre <\/strong><strong>\u00e0 la Galerie de Michel de Marmont \u00e0 St-Maur- des-Foss\u00e9s\r\n<a href=\"http:\/\/paletteduvaldemarne.fr\/wp-content\/uploads\/2017\/01\/02.jpg\" rel=\"attachment wp-att-962\"><img fetchpriority=\"high\" decoding=\"async\" class=\"alignnone size-medium wp-image-962\" src=\"http:\/\/paletteduvaldemarne.fr\/wp-content\/uploads\/2017\/01\/02-300x200.jpg\" alt=\"02\" width=\"300\" height=\"200\" srcset=\"http:\/\/paletteduvaldemarne.fr\/wp-content\/uploads\/2017\/01\/02-300x200.jpg 300w, http:\/\/paletteduvaldemarne.fr\/wp-content\/uploads\/2017\/01\/02.jpg 480w\" sizes=\"(max-width: 300px) 100vw, 300px\" \/><\/a> <a href=\"http:\/\/paletteduvaldemarne.fr\/wp-content\/uploads\/2017\/01\/04.jpg\" rel=\"attachment wp-att-963\"><img decoding=\"async\" class=\"alignnone size-medium wp-image-963\" src=\"http:\/\/paletteduvaldemarne.fr\/wp-content\/uploads\/2017\/01\/04-300x200.jpg\" alt=\"04\" width=\"300\" height=\"200\" srcset=\"http:\/\/paletteduvaldemarne.fr\/wp-content\/uploads\/2017\/01\/04-300x200.jpg 300w, http:\/\/paletteduvaldemarne.fr\/wp-content\/uploads\/2017\/01\/04.jpg 480w\" sizes=\"(max-width: 300px) 100vw, 300px\" \/><\/a> <a href=\"http:\/\/paletteduvaldemarne.fr\/wp-content\/uploads\/2017\/01\/05.jpg\" rel=\"attachment wp-att-964\"><img decoding=\"async\" class=\"alignnone size-medium wp-image-964\" src=\"http:\/\/paletteduvaldemarne.fr\/wp-content\/uploads\/2017\/01\/05-300x200.jpg\" alt=\"05\" width=\"300\" height=\"200\" srcset=\"http:\/\/paletteduvaldemarne.fr\/wp-content\/uploads\/2017\/01\/05-300x200.jpg 300w, http:\/\/paletteduvaldemarne.fr\/wp-content\/uploads\/2017\/01\/05.jpg 480w\" sizes=\"(max-width: 300px) 100vw, 300px\" \/><\/a> <a href=\"http:\/\/paletteduvaldemarne.fr\/wp-content\/uploads\/2017\/01\/06.jpg\" rel=\"attachment wp-att-965\"><img loading=\"lazy\" decoding=\"async\" class=\"alignnone size-medium wp-image-965\" src=\"http:\/\/paletteduvaldemarne.fr\/wp-content\/uploads\/2017\/01\/06-300x200.jpg\" alt=\"06\" width=\"300\" height=\"200\" srcset=\"http:\/\/paletteduvaldemarne.fr\/wp-content\/uploads\/2017\/01\/06-300x200.jpg 300w, http:\/\/paletteduvaldemarne.fr\/wp-content\/uploads\/2017\/01\/06.jpg 480w\" sizes=\"(max-width: 300px) 100vw, 300px\" \/><\/a> <a href=\"http:\/\/paletteduvaldemarne.fr\/wp-content\/uploads\/2017\/01\/09.jpg\" rel=\"attachment wp-att-966\"><img loading=\"lazy\" decoding=\"async\" class=\"alignnone size-medium wp-image-966\" src=\"http:\/\/paletteduvaldemarne.fr\/wp-content\/uploads\/2017\/01\/09-300x200.jpg\" alt=\"09\" width=\"300\" height=\"200\" srcset=\"http:\/\/paletteduvaldemarne.fr\/wp-content\/uploads\/2017\/01\/09-300x200.jpg 300w, http:\/\/paletteduvaldemarne.fr\/wp-content\/uploads\/2017\/01\/09.jpg 480w\" sizes=\"(max-width: 300px) 100vw, 300px\" \/><\/a> <a href=\"http:\/\/paletteduvaldemarne.fr\/wp-content\/uploads\/2017\/01\/11.jpg\" rel=\"attachment wp-att-967\"><img loading=\"lazy\" decoding=\"async\" class=\"alignnone size-medium wp-image-967\" src=\"http:\/\/paletteduvaldemarne.fr\/wp-content\/uploads\/2017\/01\/11-300x200.jpg\" alt=\"11\" width=\"300\" height=\"200\" srcset=\"http:\/\/paletteduvaldemarne.fr\/wp-content\/uploads\/2017\/01\/11-300x200.jpg 300w, http:\/\/paletteduvaldemarne.fr\/wp-content\/uploads\/2017\/01\/11.jpg 480w\" sizes=\"(max-width: 300px) 100vw, 300px\" \/><\/a> <a href=\"http:\/\/paletteduvaldemarne.fr\/wp-content\/uploads\/2017\/01\/12.jpg\" rel=\"attachment wp-att-968\"><img loading=\"lazy\" decoding=\"async\" class=\"alignnone size-medium wp-image-968\" src=\"http:\/\/paletteduvaldemarne.fr\/wp-content\/uploads\/2017\/01\/12-300x200.jpg\" alt=\"12\" width=\"300\" height=\"200\" srcset=\"http:\/\/paletteduvaldemarne.fr\/wp-content\/uploads\/2017\/01\/12-300x200.jpg 300w, http:\/\/paletteduvaldemarne.fr\/wp-content\/uploads\/2017\/01\/12.jpg 480w\" sizes=\"(max-width: 300px) 100vw, 300px\" \/><\/a> <a href=\"http:\/\/paletteduvaldemarne.fr\/wp-content\/uploads\/2017\/01\/14.jpg\" rel=\"attachment wp-att-969\"><img loading=\"lazy\" decoding=\"async\" class=\"alignnone size-medium wp-image-969\" src=\"http:\/\/paletteduvaldemarne.fr\/wp-content\/uploads\/2017\/01\/14-300x200.jpg\" alt=\"14\" width=\"300\" height=\"200\" srcset=\"http:\/\/paletteduvaldemarne.fr\/wp-content\/uploads\/2017\/01\/14-300x200.jpg 300w, http:\/\/paletteduvaldemarne.fr\/wp-content\/uploads\/2017\/01\/14.jpg 480w\" sizes=\"(max-width: 300px) 100vw, 300px\" \/><\/a> <a href=\"http:\/\/paletteduvaldemarne.fr\/wp-content\/uploads\/2017\/01\/16.jpg\" rel=\"attachment wp-att-970\"><img loading=\"lazy\" decoding=\"async\" class=\"alignnone size-medium wp-image-970\" src=\"http:\/\/paletteduvaldemarne.fr\/wp-content\/uploads\/2017\/01\/16-300x200.jpg\" alt=\"16\" width=\"300\" height=\"200\" srcset=\"http:\/\/paletteduvaldemarne.fr\/wp-content\/uploads\/2017\/01\/16-300x200.jpg 300w, http:\/\/paletteduvaldemarne.fr\/wp-content\/uploads\/2017\/01\/16.jpg 480w\" sizes=\"(max-width: 300px) 100vw, 300px\" \/><\/a> <a href=\"http:\/\/paletteduvaldemarne.fr\/wp-content\/uploads\/2017\/01\/palette3.jpg\" rel=\"attachment wp-att-971\"><img loading=\"lazy\" decoding=\"async\" class=\"alignnone size-medium wp-image-971\" src=\"http:\/\/paletteduvaldemarne.fr\/wp-content\/uploads\/2017\/01\/palette3-300x200.jpg\" alt=\"palette3\" width=\"300\" height=\"200\" srcset=\"http:\/\/paletteduvaldemarne.fr\/wp-content\/uploads\/2017\/01\/palette3-300x200.jpg 300w, http:\/\/paletteduvaldemarne.fr\/wp-content\/uploads\/2017\/01\/palette3.jpg 480w\" sizes=\"(max-width: 300px) 100vw, 300px\" \/><\/a> <a href=\"http:\/\/paletteduvaldemarne.fr\/wp-content\/uploads\/2017\/01\/palette4.jpg\" rel=\"attachment wp-att-972\"><img loading=\"lazy\" decoding=\"async\" class=\"alignnone size-medium wp-image-972\" src=\"http:\/\/paletteduvaldemarne.fr\/wp-content\/uploads\/2017\/01\/palette4-300x200.jpg\" alt=\"palette4\" width=\"300\" height=\"200\" srcset=\"http:\/\/paletteduvaldemarne.fr\/wp-content\/uploads\/2017\/01\/palette4-300x200.jpg 300w, http:\/\/paletteduvaldemarne.fr\/wp-content\/uploads\/2017\/01\/palette4.jpg 480w\" sizes=\"(max-width: 300px) 100vw, 300px\" \/><\/a> <a href=\"http:\/\/paletteduvaldemarne.fr\/wp-content\/uploads\/2017\/01\/palette5.jpg\" rel=\"attachment wp-att-973\"><img loading=\"lazy\" decoding=\"async\" class=\"alignnone size-medium wp-image-973\" src=\"http:\/\/paletteduvaldemarne.fr\/wp-content\/uploads\/2017\/01\/palette5-300x200.jpg\" alt=\"palette5\" width=\"300\" height=\"200\" srcset=\"http:\/\/paletteduvaldemarne.fr\/wp-content\/uploads\/2017\/01\/palette5-300x200.jpg 300w, http:\/\/paletteduvaldemarne.fr\/wp-content\/uploads\/2017\/01\/palette5.jpg 480w\" sizes=\"(max-width: 300px) 100vw, 300px\" \/><\/a> <a href=\"http:\/\/paletteduvaldemarne.fr\/wp-content\/uploads\/2017\/01\/unnamed.jpg\" rel=\"attachment wp-att-974\"><img loading=\"lazy\" decoding=\"async\" class=\"alignnone size-medium wp-image-974\" src=\"http:\/\/paletteduvaldemarne.fr\/wp-content\/uploads\/2017\/01\/unnamed-300x200.jpg\" alt=\"unnamed\" width=\"300\" height=\"200\" srcset=\"http:\/\/paletteduvaldemarne.fr\/wp-content\/uploads\/2017\/01\/unnamed-300x200.jpg 300w, http:\/\/paletteduvaldemarne.fr\/wp-content\/uploads\/2017\/01\/unnamed.jpg 480w\" sizes=\"(max-width: 300px) 100vw, 300px\" \/><\/a>\r\n<\/strong><\/pre>\n","protected":false},"excerpt":{"rendered":"<p>De nombreuses personnes exposants et visiteurs \u00e9taient pr\u00e9sentes lors du vernissage\u00a0le 23 novembre \u00e0 la Galerie de Michel de Marmont \u00e0 St-Maur- des-Foss\u00e9s<\/p>\n","protected":false},"author":1,"featured_media":0,"parent":0,"menu_order":0,"comment_status":"closed","ping_status":"closed","template":"","meta":{"footnotes":""},"class_list":["post-986","page","type-page","status-publish","hentry"],"_links":{"self":[{"href":"http:\/\/paletteduvaldemarne.fr\/index.php\/wp-json\/wp\/v2\/pages\/986","targetHints":{"allow":["GET"]}}],"collection":[{"href":"http:\/\/paletteduvaldemarne.fr\/index.php\/wp-json\/wp\/v2\/pages"}],"about":[{"href":"http:\/\/paletteduvaldemarne.fr\/index.php\/wp-json\/wp\/v2\/types\/page"}],"author":[{"embeddable":true,"href":"http:\/\/paletteduvaldemarne.fr\/index.php\/wp-json\/wp\/v2\/users\/1"}],"replies":[{"embeddable":true,"href":"http:\/\/paletteduvaldemarne.fr\/index.php\/wp-json\/wp\/v2\/comments?post=986"}],"version-history":[{"count":4,"href":"http:\/\/paletteduvaldemarne.fr\/index.php\/wp-json\/wp\/v2\/pages\/986\/revisions"}],"predecessor-version":[{"id":991,"href":"http:\/\/paletteduvaldemarne.fr\/index.php\/wp-json\/wp\/v2\/pages\/986\/revisions\/991"}],"wp:attachment":[{"href":"http:\/\/paletteduvaldemarne.fr\/index.php\/wp-json\/wp\/v2\/media?parent=986"}],"curies":[{"name":"wp","href":"https:\/\/api.w.org\/{rel}","templated":true}]}}